{"id":16922,"date":"2019-06-06T10:54:56","date_gmt":"2019-06-06T08:54:56","guid":{"rendered":"https:\/\/www.etreassociazione.it\/internazionale\/"},"modified":"2023-04-28T12:05:45","modified_gmt":"2023-04-28T10:05:45","slug":"international-activity","status":"publish","type":"page","link":"https:\/\/www.etreassociazione.it\/en\/international-activity\/","title":{"rendered":"International Activity"},"content":{"rendered":"<div class=\"wpb-content-wrapper\"><p>[vc_row css_animation=&#8221;&#8221; row_type=&#8221;row&#8221; use_row_as_full_screen_section=&#8221;no&#8221; type=&#8221;full_width&#8221; angled_section=&#8221;no&#8221; text_align=&#8221;left&#8221; background_image_as_pattern=&#8221;without_pattern&#8221;][vc_column][vc_column_text]<\/p>\n<h3><strong>Attivit\u00e0 internazionale<\/strong><\/h3>\n<p>&nbsp;<\/p>\n<p style=\"text-align: justify;\">Sin dalla nascita Associazione Etre ha dimostrato una forte spinta verso il panorama internazionale. Con una profonda comprensione dell\u2019importanza della mobilit\u00e0 di artisti e operatori culturali e con lo scopo di potenziare connessioni tra i suoi soci ed altre organizzazioni europee, Etre \u00e8 dal 2009 membro attivo del network internazionale IETM.<\/p>\n<p style=\"text-align: justify;\">Nello stesso anno l\u2019Associazione ha sviluppato il progetto <em>Espresso!Teatro Italiano<\/em>, con il quale ha presentato 4 delle sue residenze all\u2019Edinburgh Fringe Festival, nel Regno Unito. Questa operazione non si \u00e8 rivelata utile solo alle compagnie partecipanti, ma anche per l\u2019Associazione, da allora riconosciuta internazionalmente come rete attiva.<\/p>\n<p style=\"text-align: justify;\">Negli anni Etre ha dunque espresso la sua vocazione per lo sviluppo di collaborazioni internazionali attraverso la realizzazione di diversi progetti, tra i quali:<\/p>\n<ul>\n<li style=\"text-align: justify;\">Un\u2019edizione Fringe internazionale del festival annuale <em>Luoghi Comuni, <\/em>2012<\/li>\n<li style=\"text-align: justify;\">Il progetto <em>Short Latitudes<\/em> di produzioni con autori britannici, con il supporto del British Council<\/li>\n<li style=\"text-align: justify;\">Il progetto <em>Cast Away<\/em> di mobilit\u00e0 per artisti, operatori e tecnici con il supporto di Regione Lombardia e del Fondo Sociale Europeo<em>,<\/em> 2013-14<\/li>\n<li style=\"text-align: justify;\">Il progetto IETM Bergamo Spring Plenary Meeting in collaborazione con il network, 2015<\/li>\n<li style=\"text-align: justify;\">Il follow-up meeting di IETM Bergamo in occasione del festival <em>Luoghi Comuni <\/em>a Milano, 2016<\/li>\n<\/ul>\n<p style=\"text-align: justify;\">In particolare lo Spring Plenary Meeting, che ha visto la partecipazione di oltre 600 operatori, ha fatto s\u00ec che l\u2019Associazione emergesse quale antenna italiana per il settore performativo internazionale.<\/p>\n<p style=\"text-align: justify;\">Attualmente Etre continua la sua attivit\u00e0 di networking in IETM e visitando o partecipando ad altre reti, tra cui la neonata EAIPA\u00a0 European Association of Independent Performing Arts a sostegno del settore del teatro indipendente in Europa.<\/p>\n<p>[\/vc_column_text][vc_empty_space][\/vc_column][\/vc_row][vc_row css_animation=&#8221;&#8221; row_type=&#8221;row&#8221; use_row_as_full_screen_section=&#8221;no&#8221; type=&#8221;full_width&#8221; angled_section=&#8221;no&#8221; text_align=&#8221;left&#8221; background_image_as_pattern=&#8221;without_pattern&#8221;][vc_column][vc_accordion active_tab=&#8221;false&#8221; style=&#8221;toggle&#8221;][vc_accordion_tab title=&#8221;CREATION WORKSHOP | Mambo Project&#8221; title_tag=&#8221;h5&#8243; title_color=&#8221;#006b29&#8243;][vc_single_image image=&#8221;16830&#8243; img_size=&#8221;600&#215;260&#8243; qode_css_animation=&#8221;&#8221;][vc_empty_space][vc_row_inner row_type=&#8221;row&#8221; type=&#8221;full_width&#8221; text_align=&#8221;left&#8221; css_animation=&#8221;&#8221;][vc_column_inner][vc_column_text]<\/p>\n<h2>CREATION WORKSHOP<\/h2>\n<h4>Free workshop online held by Mambo Project<\/h4>\n<p><em>Workshop realizzato grazie al sostegno del progetto Boarding Pass Plus promosso dal MIBACT &#8211; Ministero per i beni e le attivit\u00e0 culturali e per il turismo.<\/em><\/p>\n<p>&nbsp;<\/p>\n<h4>Enforce Entertainment &#8220;AFTER VISITING&#8221;<\/h4>\n<p>Il progetto <a href=\"https:\/\/www.enforcentertainment.it\/\">Enforce Entertainment<\/a> mira a sistematizzare e consolidare i rapporti di scambio internazionale nella prospettiva di enpowerment e capacity building.\u00a0Si caratterizza per essere un progetto fatto di azioni integrate volte a rafforzare i percorsi dei giovani artisti italiani in campo internazionale.<\/p>\n<p>Dopo aver fatto visita a tre festival internazionali durante la prima edizione di Enforce Entertainment, in questo secondo anno abbiamo scelto di coinvolgere una delle compagnie che pi\u00f9 ci hanno colpito, per un momento di formazione artistica e organizzativa\u00a0dedicato alle compagnie di Associazione ETRE e ad artisti ed organizzatori terzi under 35.<\/p>\n<p><strong>AFTER VISITING<\/strong>. A condurre il workshop sar\u00e0 la compagnia <a href=\"https:\/\/www.mamboproject.co\/\">Mambo Project<\/a> (E) la cui performance <a href=\"https:\/\/www.mamboproject.co\/projects\/la-festa\/\">LA FESTA<\/a> ci ha particolarmente colpiti durante il Festival internazionale di Fira terrega in Spagna. La compagnia \u00e8 stata scelta per la sua forte componente legata alle giovani generazioni: &#8220;La festa&#8221; \u00e8 un concerto\/spettacolo multidisciplinare dal carattere site specific.<\/p>\n<p>&nbsp;<\/p>\n<h4>IL WORKSHOP<\/h4>\n<p><strong>Creative workshop: teatro multidisciplinare e (in)spazi non convenzionali.<\/strong><br \/>\nMambo project presenta un laboratorio in cui si propone di condividere sia i propri processi creativi che quelli delle pi\u00f9 importanti figure artistiche di riferimento per la compagnia, con l\u2019intento di guidare i partecipanti durante la realizzazione del loro progetto personale, dall&#8217; idea iniziale alla completa realizzazione.<\/p>\n<p>La prima parte del workshop sar\u00e0 strutturata in una modalit\u00e0 frontale e teorica, di condivisione delle buone pratiche, esperienze e influenze dirette della compagnia. Nella seconda parte verr\u00e0 chiesto ai partecipanti di lavorare su idee\/ progetti personali legati a lavori scenici in spazi non convenzionali per essere guidati passo dopo passo nella realizzazione di un progetto.<\/p>\n<p>Il worshop si terr\u00e0 interamente online, tramite piattaforma ZOOM, nei giorni:<\/p>\n<p><strong>Venerd\u00ec 13 novembre 2020<\/strong> dalle ore 9.00 alle 12.00 &#8211; dalle 13.00 alle 15.00<\/p>\n<p><strong>Sabato 14 novembre 2020<\/strong> dalle ore 9.00 alle 12.00 &#8211; dalle 13.00 alle 15.00<\/p>\n<p>Per partecipare <strong>\u00e8 necessario iscriversi<\/strong> entro il <strong>10 novembre 2020<\/strong> compilando il <strong><a href=\"https:\/\/forms.gle\/kBuDUkSg9WvV3MVSA\">FORM ONLINE.<\/a> I posti sono limitati: verr\u00e0 data precedenza ad artisti e organizzatori Under35.\u00a0<\/strong><\/p>\n<p>&nbsp;<\/p>\n<p>[\/vc_column_text][vc_empty_space][\/vc_column_inner][\/vc_row_inner][\/vc_accordion_tab][vc_accordion_tab title=&#8221;IETM Multi-location Autumn Plenary Meeting 2020_MILANO&#8221; title_tag=&#8221;h5&#8243; title_color=&#8221;#006b29&#8243;][vc_single_image image=&#8221;16827&#8243; img_size=&#8221;600&#215;260&#8243; style=&#8221;vc_box_border&#8221; border_color=&#8221;black&#8221; qode_css_animation=&#8221;&#8221;][vc_empty_space][vc_row_inner row_type=&#8221;row&#8221; type=&#8221;full_width&#8221; text_align=&#8221;left&#8221; css_animation=&#8221;&#8221;][vc_column_inner][vc_column_text]<\/p>\n<h3>IETM Multi-location Autumn Plenary Meeting 2020_MILANO<\/h3>\n<p style=\"text-align: justify;\"><em>IETM \u2013 International Network for Contemporary Performing Arts.<\/em><\/p>\n<p>&nbsp;<\/p>\n<p style=\"text-align: justify;\">Il Plenary meeting di IETM a Belgrado previsto nell&#8217;autunno del 2020 \u00e8 stato annullato in ragione delle difficolt\u00e0 emerse con l&#8217;insorgere dell&#8217;emergenza sanitaria. IETM decide cos\u00ec di riorganizzare l&#8217;incontro sperimentando un &#8220;Multi Location Plenary&#8221;, una forma ibrida tra appuntamenti online e incontri dal vivo. Ogni Paese infatti ha la possibilit\u00e0 di organizzare il proprio hub locale sia per potersi ritrovare fisicamente che per collegarsi in streaming con gli altri hub di tutto il modo.<\/p>\n<p>\u00a0[\/vc_column_text][vc_single_image image=&#8221;16828&#8243; img_size=&#8221;600&#215;260&#8243; style=&#8221;vc_box_border&#8221; border_color=&#8221;black&#8221; qode_css_animation=&#8221;&#8221;][vc_empty_space][vc_column_text]<\/p>\n<h4 style=\"text-align: justify;\"><em>L&#8217;Hub italiano<\/em><\/h4>\n<p><strong>Gioved\u00ec 1 ottobre 2020 dalle ore 11.00 alle 19.30<\/strong><br \/>\n<strong>Venerd\u00ec 2 ottobre 2020 dalle ore 10.00 alle 17.00<\/strong><\/p>\n<p>Fabbrica del Vapore, Milano<\/p>\n<p><a href=\"http:\/\/www.etreassociazione.it\/wp-content\/uploads\/2020\/12\/IETM-MILAN-2020-REPORT-ITA.pdf\" target=\"_blank\" rel=\"noopener noreferrer\">LEGGI IL REPORT: un incontro dal vivo in tempo di pandemia<\/a><\/p>\n<p>&nbsp;<\/p>\n<p><em>L&#8217;evento realizzato da <strong>Associazione Etre<\/strong>,\u00a0<strong>Progetto C.Re.S.Co.<\/strong>,\u00a0<strong>Effetto Larsen<\/strong>,\u00a0<strong>Fattoria Vittadini<\/strong>\u00a0e\u00a0<strong>Liv.In.G.<\/strong>\u00a0grazie al sostegno di\u00a0<strong>Fondazione Cariplo<\/strong>\u00a0e\u00a0<strong>IETM<\/strong> e ospitato da\u00a0<strong>Comune di Milano<\/strong>\u00a0e\u00a0<strong>Fabbrica del Vapore<\/strong><\/em><\/p>\n<p>&nbsp;<\/p>\n<p>Uno dei primi paesi ad essere stati colpiti dalla pandemia e che sta ancora soffrendo: l&#8217;Italia, attraversa oggi un momento storico difficile che ha coinvolto anche tutto il settore dello spettacolo. La crisi generata dal Covid infatti ha portato alla luce vecchie debolezze del sistema culturale italiano e allo stesso tempo ci ha obbligati ad immaginare nuovi modelli possibili per dei cambiamenti a lungo termine.<br \/>\nLa citt\u00e0 di Milano, considerata negli ultimi anni &#8220;capitale internazionale&#8221;, ospita l&#8217;hub italiano il cui tema si focalizza sulla <strong>ri-connessione dal vivo<\/strong> e sul <strong>rafforzamento del rapporto fra Italia, IETM e la dimensione internazionale<\/strong>. Uno spazio in cui entrare a far parte della community di IETM con lo scopo di costituire all&#8217;interno della rete una delegazione italiana pi\u00f9 ampia e diversificata, e che alimenti un gruppo di interesse italiano sulle tematiche internazionali.<\/p>\n<p>Il nostro programma si basa sulla condivisione di buone pratiche, nuovi modelli e aggiornamenti su opportunit\u00e0, fondi o programmi: un kit di strumenti quindi sviluppati in una sessione di dibattito, attraverso un approccio peer-to-peer, e un momento di restituzione con speaker esterni.<\/p>\n<p>[\/vc_column_text][vc_empty_space][vc_gallery type=&#8221;image_grid&#8221; images=&#8221;16843,16842,16841,16845,16846,16847&#8243; onclick=&#8221;&#8221; column_number=&#8221;6&#8243; grayscale=&#8221;no&#8221; enable_drag=&#8221;no&#8221; images_space=&#8221;gallery_with_space&#8221;][vc_empty_space][vc_column_text]<\/p>\n<h3><a href=\"http:\/\/www.etreassociazione.it\/wp-content\/uploads\/2020\/12\/PROGRAMMA_SITO.pdf\" target=\"_blank\" rel=\"noopener noreferrer\">IL PROGRAMMA nel dettaglio<\/a><\/h3>\n<p>[\/vc_column_text][vc_separator type=&#8221;normal&#8221; color=&#8221;#000000&#8243;][vc_column_text]<\/p>\n<h3><a href=\"http:\/\/www.etreassociazione.it\/wp-content\/uploads\/2020\/12\/IETM-MILAN-2020-REPORT-ITA.pdf\" target=\"_blank\" rel=\"noopener noreferrer\">LEGGI IL REPORT: un incontro dal vivo in tempo di pandemia<\/a><\/h3>\n<h3><a href=\"http:\/\/www.etreassociazione.it\/wp-content\/uploads\/2020\/12\/IETM-MILAN-2020-REPORT-ENG.pdf\" target=\"_blank\" rel=\"noopener noreferrer\">READ THE REPORT: a live meeting in pandemic time<\/a><\/h3>\n<p>[\/vc_column_text][vc_empty_space][vc_video link=&#8221;https:\/\/vimeo.com\/487271865&#8243;][\/vc_column_inner][vc_column_inner][\/vc_column_inner][\/vc_row_inner][\/vc_accordion_tab][vc_accordion_tab title=&#8221;#IETMBergamo&#8221; title_tag=&#8221;h5&#8243; title_color=&#8221;#006b29&#8243;][vc_row_inner row_type=&#8221;row&#8221; type=&#8221;full_width&#8221; text_align=&#8221;left&#8221; css_animation=&#8221;&#8221;][vc_column_inner][vc_column_text]<strong>#IETMBergamo\u00a0<\/strong><\/p>\n<p style=\"text-align: justify;\">IETM \u2013 International Network for ContemporaryPerformingArtse\u2019 nata in maniera spontanea da un gruppo di operatori nel 1981 proprio in Italia, a Polverigi. Negli anni e\u2019 cresciuta diventando una piattaforma di incontro e scambio per gli operatori delle arti performative, dal carattere dinamico e con uno sguardo sempre rivolto al futuro e all\u2019innovazione.<br \/>\nIl network comprende a oggi piu\u2019 di 550 membri provenienti da 50 nazioni in tutto il mondo.<br \/>\nStrutturata come associazione, l\u2019obiettivo di IETM e\u2019di stimolare la qualit\u00e0, il contesto e la presenza dello spettacolo dal vivo contemporaneo a livello globale ponendosi come facilitatore di connessioni, scambi di informazioni, trasferimento di competenze e disseminazione di buone pratiche.<br \/>\nIETM commissiona pubblicazioni di settore, porta avanti un\u2019intensa attivita\u2019 di advocacy presso l\u2019Unione Europea con altri network e organizzazioni, ma soprattutto organizza durante l\u2019anno diversi momenti di incontro fra gli artisti e gli operatori. I principali sono i Meeting IETM.<br \/>\nIETM e\u2019 il piu\u2019 importante network del teatro indipendente internazionale, con oltre 550 soci proveniente da oltre 50 Paesi di tutto il mondo. Fra le sue attivit\u00e0 a sostegno del settore, la principale e\u2019 l\u2019organizzazione dei Meeting, uno in primavera e uno in autunno: alcuni giorni specificatamente dedicati alla discussione e al confronto, ospiti ogni volta di una nazione differente.<br \/>\nDopo 10 anni, il Meeting e\u2019 tornato in Italia dal 23 al 26 aprile 2015 a Bergamo in occasione di EXPO, con tema \u201cRegeneration\u201d e un focus su sostenibilit\u00e0 e rinnovamento: il progetto, che ha visto la partecipazione di oltre 600 operatori da tutto il mondo, \u00e8 stato realizzato da Associazione Etre e IETM con l\u2019appoggio di Comune di Bergamo, Ministero dei Beni e delle Attivita\u2019 Culturali, Regione Lombardia, Fondazione Cariplo e altri partner privati locali, animando la citta\u2019 per cinque giorni e offrendo non solo agli addetti ai lavori, ma anche al pubblico e al territorio, un\u2019occasione unica per entrare in contatto con la realt\u00e0 internazionale.<br \/>\nLa programmazione artistica ha coinciso con una speciale edizione di Luoghi Comuni Festival.<br \/>\nIl Meeting ha riportato un altissimo tasso di gradimento da parte dei partecipanti per i contenuti trattati, l\u2019attenzione agli aspetti pratici, le occasioni di incontro informale, contribuendo in maniera decisiva a riportare l\u2019Italia al centro dell\u2019attenzione internazionale.<\/p>\n<p>[\/vc_column_text][vc_empty_space][\/vc_column_inner][\/vc_row_inner][\/vc_accordion_tab][vc_accordion_tab title=&#8221;Creative Cast Away \u2013 Walking on the Moon&#8221; title_color=&#8221;#006b29&#8243;][vc_row_inner row_type=&#8221;row&#8221; type=&#8221;full_width&#8221; text_align=&#8221;left&#8221; css_animation=&#8221;&#8221;][vc_column_inner][vc_column_text]<\/p>\n<p style=\"text-align: justify;\"><strong>Creative Cast Away \u2013 Walking on the Moon<\/strong><\/p>\n<p style=\"text-align: justify;\"><strong>2014<\/strong>: 15 partecipanti. 9 partner internazionali. 10 progetti da realizzare.<\/p>\n<p style=\"text-align: justify;\">Dopo il successo del primo progetto Creative Cast Away del 2013, Associazione Etre, col supporto di Regione Lombardia e del Fondo Sociale Europeo, realizza il secondo Creative Cast Away \u2013 walking on the moon, progetto di mobilit\u00e0 internazionale per i lavoratori dello spettacolo.<\/p>\n<p style=\"text-align: justify;\">15 teatranti partono fra aprile e luglio 2014 per realizzare un\u2019idea o una ricerca creativa all\u2019estero: l\u2019obiettivo \u00e8 di riportare in Italia conoscenze, buone pratiche, linguaggi e stili ancora inediti per il nostro paese. I progetti sono portati avanti singolarmente, in coppia o in gruppo.<\/p>\n<p style=\"text-align: justify;\">Con tanto entusiasmo e voglia di mettersi in gioco, i partecipanti sono ospitati da <a href=\"http:\/\/alkantara.pt\/index.php?page=espaco_detalhe&amp;idioma=pt&amp;arq=f\">ALKANTARA FESTIVAL<\/a> (Lisbona, Portogallo),\u00a0<a href=\"http:\/\/www.theatregaronne.com\/saison.php?idevent=207\">THEATRE GARONNE<\/a>\u00a0(Toulouse, Francia),\u00a0<a href=\"http:\/\/www.joaogarciamiguel.com\/index.php\">JOAO GARCIA MIGUEL COMPANY<\/a>\u00a0(Torres Vedras, Portogallo),\u00a0<a href=\"http:\/\/videodansebourgogne.com\/\">FESTIVAL INTERNATIONAL DE VIDEO-\u00ad\u2010DANSE EN BOURGOGNE<\/a>\u00a0(Le Creusot, France),\u00a0<a href=\"http:\/\/www.vientosurteatro.com\/\">VIENTO SUR<\/a>\u00a0(Siviglia, Spagna),\u00a0<a href=\"http:\/\/teateralbatross.se\/\">TEATER ALBATROSS<\/a>\u00a0(Tokalynga, Svezia),\u00a0<a href=\"http:\/\/www.theatre-entropia.gr\/\">THEATRE ENTROPIA<\/a>\u00a0(Atene, Grecia),\u00a0<a href=\"http:\/\/ietm.org\/\">IETM<\/a>\u00a0(Bruxelles, Belgio), \u00a0<a href=\"http:\/\/www.dansateliers.nl\/?l=en&amp;PHPSESSID=2311949cfbabeefc58a28353ec831c63\">DANSATELIERS<\/a>\u00a0(Rotterdam, Paesi Bassi).<\/p>\n<p style=\"text-align: justify;\"><em>CREATIVE CAST AWAY \u2013 Walking on the moon: partecipanti e progetti <\/em><\/p>\n<p style=\"text-align: justify;\">SILVIA PINTO \/\/ Alkantara Festival;<\/p>\n<p style=\"text-align: justify;\">LARA GUIDETTI &amp; CARMEN GIORDANO \u2013 Outrage Project \/\/ TheatreGaronne;<\/p>\n<p style=\"text-align: justify;\">SARA CARMAGNOLA \/\/ JGM;<\/p>\n<p style=\"text-align: justify;\">MARCO DE MEO &#8211; Percezioni corticali \/\/ Video danse en Bourgogne;<\/p>\n<p style=\"text-align: justify;\">ALESSANDRO BRASILE &#8211; La danza di un viaggio \/\/ Viento Sur:<\/p>\n<p style=\"text-align: justify;\">MARCO DI STEFANO &amp;CHIARA BOSCARO &amp; MARCO PEZZA \u2013 Pentateuco \/\/ TeaterAlbatross; MARIANNA MIOZZO &amp; MARCO MARZAIOLI &amp; MARINA MEINERO &#8211; As Life \/\/ JGM;<\/p>\n<p style=\"text-align: justify;\">NICOLAS CERUTI \/\/ Theatre Entropia;<\/p>\n<p style=\"text-align: justify;\">CRISTINA CARLINI &#8211; IETMforItaly \/\/ IETM;<\/p>\n<p style=\"text-align: justify;\">FABIO FERRETTI &#8211; Nothingbut dance \/\/ Dansateliers<\/p>\n<p>[\/vc_column_text][vc_empty_space][\/vc_column_inner][\/vc_row_inner][\/vc_accordion_tab][vc_accordion_tab title=&#8221;Creative Cast Away&#8221; title_tag=&#8221;h5&#8243; title_color=&#8221;#006b29&#8243;][vc_row_inner row_type=&#8221;row&#8221; type=&#8221;full_width&#8221; text_align=&#8221;left&#8221; css_animation=&#8221;&#8221;][vc_column_inner][vc_column_text]<\/p>\n<p style=\"text-align: justify;\"><strong>Creative Cast Away\u00a0<\/strong><\/p>\n<p style=\"text-align: justify;\"><strong>2013<\/strong>: 2 artisti, 2 tecnici, 6 organizzatori. 5 partner internazionali. 10 progetti da realizzare.<\/p>\n<p style=\"text-align: justify;\">Associazione Etre, col supporto di Regione Lombardia e del Fondo Sociale Europeo, realizza Creative Cast Away, progetto di mobilit\u00e0 internazionale per i lavoratori dello spettacolo.<\/p>\n<p style=\"text-align: justify;\">Selezionati su bando, 10 teatranti partiranno fra agosto 2013 e aprile 2014 per realizzare un\u2019idea o una ricerca creativa all\u2019estero: l\u2019obiettivo \u00e8 quello di riportare in Italia conoscenze, buone pratiche, linguaggi e stili ancora inediti per il nostro paese.<br \/>\nCon tanto entusiasmo e voglia di mettersi in gioco, i partecipanti saranno ospiti di IETM (Belgio), DANSENS HUS (Svezia), AMPHITHEATRE DU PONT DE CLAIX (Francia), CENTER FOR CULTURE IN LUBLIN (Polonia), AARHUS PERFOMING ARTS CENTER (Danimarca): dal sito di Etre e dai social network sar\u00e0 possibile seguire il loro percorso grazie a contributi video, interviste, foto e reportage.<br \/>\nDopo il ritorno, i partecipanti a Creative Cast Awaypresentano le loro esperienze e progetti a pubblico, critica ed operatori all\u2019interno di RITORNO AL FUTURO Festival delle Creativit\u00e0 Lombarde 2014.<\/p>\n<p style=\"text-align: justify;\">CREATIVE CAST AWAY: partecipanti e progetti<\/p>\n<p style=\"text-align: justify;\">CHIARA PELLACANI \/\/ Performiongarts tour;<\/p>\n<p style=\"text-align: justify;\">DANIELA FERRANTE \/\/ INOUTSIDE Tra archeologia industriale e attivit\u00e0 culturale;<\/p>\n<p style=\"text-align: justify;\">ELENA PUNZI \/\/ Invertedloop \u2013 interactiveinstallation;<\/p>\n<p style=\"text-align: justify;\">ELENA TEDDE PIRAS \/\/ Sperimentare le buone pratiche attraverso la cooperazione;<\/p>\n<p style=\"text-align: justify;\">ELISABETTA CONSONNI \/\/ Ergonomica;<\/p>\n<p style=\"text-align: justify;\">ERICA BERNARDI \/\/ I wanna be yourborder;<\/p>\n<p style=\"text-align: justify;\">FRANCESCA MARIOTTI \/\/ Invertedloop \u2013 interactiveinstallation;<\/p>\n<p style=\"text-align: justify;\">IRENE RAMILLI \/\/ PilotStudy for Italian Networks;<\/p>\n<p style=\"text-align: justify;\">MANUELA MACALUSO \/\/ Comunit\u00e0 Creative;<\/p>\n<p style=\"text-align: justify;\">RICCARDO FUSIELLO \/\/ Lo spazio delle relazioni.<\/p>\n<p>[\/vc_column_text][vc_empty_space][\/vc_column_inner][\/vc_row_inner][\/vc_accordion_tab][\/vc_accordion][vc_empty_space][\/vc_column][\/vc_row]<\/p>\n<\/div>","protected":false},"excerpt":{"rendered":"<p>[vc_row css_animation=&#8221;&#8221; row_type=&#8221;row&#8221; use_row_as_full_screen_section=&#8221;no&#8221; type=&#8221;full_width&#8221; angled_section=&#8221;no&#8221; text_align=&#8221;left&#8221; background_image_as_pattern=&#8221;without_pattern&#8221;][vc_column][vc_column_text] Attivit\u00e0 internazionale &nbsp; Sin dalla nascita Associazione Etre ha dimostrato una forte spinta verso il panorama internazionale. Con una profonda comprensione dell\u2019importanza della mobilit\u00e0 di artisti e operatori culturali e con lo scopo di potenziare connessioni tra&#8230;<\/p>\n","protected":false},"author":3,"featured_media":0,"parent":0,"menu_order":10,"comment_status":"closed","ping_status":"closed","template":"","meta":{"footnotes":""},"class_list":["post-16922","page","type-page","status-publish","hentry"],"_links":{"self":[{"href":"https:\/\/www.etreassociazione.it\/en\/wp-json\/wp\/v2\/pages\/16922","targetHints":{"allow":["GET"]}}],"collection":[{"href":"https:\/\/www.etreassociazione.it\/en\/wp-json\/wp\/v2\/pages"}],"about":[{"href":"https:\/\/www.etreassociazione.it\/en\/wp-json\/wp\/v2\/types\/page"}],"author":[{"embeddable":true,"href":"https:\/\/www.etreassociazione.it\/en\/wp-json\/wp\/v2\/users\/3"}],"replies":[{"embeddable":true,"href":"https:\/\/www.etreassociazione.it\/en\/wp-json\/wp\/v2\/comments?post=16922"}],"version-history":[{"count":3,"href":"https:\/\/www.etreassociazione.it\/en\/wp-json\/wp\/v2\/pages\/16922\/revisions"}],"predecessor-version":[{"id":16982,"href":"https:\/\/www.etreassociazione.it\/en\/wp-json\/wp\/v2\/pages\/16922\/revisions\/16982"}],"wp:attachment":[{"href":"https:\/\/www.etreassociazione.it\/en\/wp-json\/wp\/v2\/media?parent=16922"}],"curies":[{"name":"wp","href":"https:\/\/api.w.org\/{rel}","templated":true}]}}